{"id":22,"date":"2023-06-03T19:05:57","date_gmt":"2023-06-03T19:05:57","guid":{"rendered":"http:\/\/wanderfreunde-rhein-sieg.info\/?page_id=22"},"modified":"2023-06-18T20:11:46","modified_gmt":"2023-06-18T20:11:46","slug":"der-verein","status":"publish","type":"page","link":"https:\/\/wanderfreunde-rhein-sieg.info\/?page_id=22","title":{"rendered":"Der Verein"},"content":{"rendered":"\t\t<div data-elementor-type=\"wp-page\" data-elementor-id=\"22\" class=\"elementor elementor-22\">\n\t\t\t\t\t\t<section class=\"elementor-section elementor-top-section elementor-element elementor-element-9790e0d elementor-section-boxed elementor-section-height-default elementor-section-height-default\" data-id=\"9790e0d\" data-element_type=\"section\" data-e-type=\"section\">\n\t\t\t\t\t\t<div class=\"elementor-container elementor-column-gap-default\">\n\t\t\t\t\t<div class=\"elementor-column elementor-col-100 elementor-top-column elementor-element elementor-element-c5b6c2e\" data-id=\"c5b6c2e\" data-element_type=\"column\" data-e-type=\"column\">\n\t\t\t<div class=\"elementor-widget-wrap elementor-element-populated\">\n\t\t\t\t\t\t<div class=\"elementor-element elementor-element-c95e29d elementor-widget__width-initial elementor-widget elementor-widget-text-editor\" data-id=\"c95e29d\" data-element_type=\"widget\" data-e-type=\"widget\" data-widget_type=\"text-editor.default\">\n\t\t\t\t<div class=\"elementor-widget-container\">\n\t\t\t\t\t\t\t\t\t<p style=\"font-weight: 400;\">Es finden regelm\u00e4\u00dfig mehrere Wanderungen pro Woche statt. Donnerstags eine Tour, samstags und sonntags in der Regel zwei Wanderungen, von denen eine als kurz (bis ca. 16 km), die andere als lang bezeichnet wird (mehr als 17 km). F\u00fcr unsere \u00e4lteren Mitglieder bieten wir mittwochs ca. 6-8 leichte Wanderungen im Quartal an (ca. 10 km). Die Touren sind so gestaffelt, dass jeder f\u00fcr sein Interessengebiet und seine Leistungsstufe etwas findet. Pro Jahr werden so ca. 240 Wanderungen angeboten. Gelegentlich bieten einige Wanderf\u00fchrer\/innen auch Mehrtagestouren an, deren Teilnehmerzahl allerdings begrenzt ist.<\/p><p style=\"font-weight: 400;\">Neben den Wanderungen kommt das soziale Vereinsleben\u00a0 nicht zu kurz. So veranstaltet der Verein im Sommer ein Grillfest und im Herbst einen Jahresausflug mit Besichtigungen, Stadtf\u00fchrung o.\u00e4..\u00a0<br \/>Zum Jahresende l\u00e4dt der Verein\u00a0 seine Mitglieder zu einer Jahresabschlussveranstaltung mit einer Wanderung und anschlie\u00dfendem gem\u00fctlichem Beisammensein bei Gl\u00fchwein und Erbsensuppe ein.<\/p><p>G\u00e4ste sind bei uns jederzeit willkommen. <strong>G\u00e4ste<\/strong> sind jederzeit willkommen. Von G\u00e4sten wird ein Kostenbeitrag von 5 \u20ac je Wanderung erhoben. Dieser Beitrag dient der Beteiligung an den Kosten, die dem Verein\u00a0 Vorbereitung und Durchf\u00fchrung von Wanderungen entstehen.<\/p>\t\t\t\t\t\t\t\t<\/div>\n\t\t\t\t<\/div>\n\t\t\t\t\t<\/div>\n\t\t<\/div>\n\t\t\t\t\t<\/div>\n\t\t<\/section>\n\t\t\t\t<\/div>\n\t\t","protected":false},"excerpt":{"rendered":"<p>Es finden regelm\u00e4\u00dfig mehrere Wanderungen pro Woche statt. Donnerstags eine Tour, samstags und sonntags in der Regel zwei Wanderungen, von denen eine als kurz (bis ca. 16 km), die andere als lang bezeichnet wird (mehr als 17 km). F\u00fcr unsere \u00e4lteren Mitglieder bieten wir mittwochs ca. 6-8 leichte Wanderungen im Quartal an (ca. 10 km). &hellip; <\/p>\n<p class=\"link-more\"><a href=\"https:\/\/wanderfreunde-rhein-sieg.info\/?page_id=22\" class=\"more-link\"><span class=\"screen-reader-text\">\u201eDer Verein\u201c<\/span> weiterlesen<\/a><\/p>\n","protected":false},"author":1,"featured_media":0,"parent":0,"menu_order":0,"comment_status":"closed","ping_status":"closed","template":"","meta":{"footnotes":""},"class_list":["post-22","page","type-page","status-publish","hentry"],"jetpack_sharing_enabled":true,"_links":{"self":[{"href":"https:\/\/wanderfreunde-rhein-sieg.info\/index.php?rest_route=\/wp\/v2\/pages\/22","targetHints":{"allow":["GET"]}}],"collection":[{"href":"https:\/\/wanderfreunde-rhein-sieg.info\/index.php?rest_route=\/wp\/v2\/pages"}],"about":[{"href":"https:\/\/wanderfreunde-rhein-sieg.info\/index.php?rest_route=\/wp\/v2\/types\/page"}],"author":[{"embeddable":true,"href":"https:\/\/wanderfreunde-rhein-sieg.info\/index.php?rest_route=\/wp\/v2\/users\/1"}],"replies":[{"embeddable":true,"href":"https:\/\/wanderfreunde-rhein-sieg.info\/index.php?rest_route=%2Fwp%2Fv2%2Fcomments&post=22"}],"version-history":[{"count":13,"href":"https:\/\/wanderfreunde-rhein-sieg.info\/index.php?rest_route=\/wp\/v2\/pages\/22\/revisions"}],"predecessor-version":[{"id":510,"href":"https:\/\/wanderfreunde-rhein-sieg.info\/index.php?rest_route=\/wp\/v2\/pages\/22\/revisions\/510"}],"wp:attachment":[{"href":"https:\/\/wanderfreunde-rhein-sieg.info\/index.php?rest_route=%2Fwp%2Fv2%2Fmedia&parent=22"}],"curies":[{"name":"wp","href":"https:\/\/api.w.org\/{rel}","templated":true}]}}