{"id":1944,"date":"2023-12-19T13:17:24","date_gmt":"2023-12-19T13:17:24","guid":{"rendered":"https:\/\/wanderfreunde-rhein-sieg.info\/?page_id=1944"},"modified":"2025-05-12T04:38:30","modified_gmt":"2025-05-12T04:38:30","slug":"wanderangebot-2","status":"publish","type":"page","link":"https:\/\/wanderfreunde-rhein-sieg.info\/?page_id=1944","title":{"rendered":"Wanderangebot"},"content":{"rendered":"\t\t<div data-elementor-type=\"wp-page\" data-elementor-id=\"1944\" class=\"elementor elementor-1944\">\n\t\t\t\t\t\t<section class=\"elementor-section elementor-top-section elementor-element elementor-element-6b716e4 elementor-section-boxed elementor-section-height-default elementor-section-height-default\" data-id=\"6b716e4\" data-element_type=\"section\" data-e-type=\"section\">\n\t\t\t\t\t\t<div class=\"elementor-container elementor-column-gap-default\">\n\t\t\t\t\t<div class=\"elementor-column elementor-col-100 elementor-top-column elementor-element elementor-element-c86ff19\" data-id=\"c86ff19\" data-element_type=\"column\" data-e-type=\"column\">\n\t\t\t<div class=\"elementor-widget-wrap elementor-element-populated\">\n\t\t\t\t\t\t<div class=\"elementor-element elementor-element-90c51f7 elementor-align-center elementor-widget elementor-widget-button\" data-id=\"90c51f7\" data-element_type=\"widget\" data-e-type=\"widget\" data-widget_type=\"button.default\">\n\t\t\t\t<div class=\"elementor-widget-container\">\n\t\t\t\t\t\t\t\t\t<div class=\"elementor-button-wrapper\">\n\t\t\t\t\t<a class=\"elementor-button elementor-button-link elementor-size-md\" href=\"https:\/\/wanderfreunde-rhein-sieg.info\/?page_id=21\">\n\t\t\t\t\t\t<span class=\"elementor-button-content-wrapper\">\n\t\t\t\t\t\t\t\t\t<span class=\"elementor-button-text\">Wanderprogramm aktuell<\/span>\n\t\t\t\t\t<\/span>\n\t\t\t\t\t<\/a>\n\t\t\t\t<\/div>\n\t\t\t\t\t\t\t\t<\/div>\n\t\t\t\t<\/div>\n\t\t\t\t\t<\/div>\n\t\t<\/div>\n\t\t\t\t\t<\/div>\n\t\t<\/section>\n\t\t\t\t<section class=\"elementor-section elementor-top-section elementor-element elementor-element-c139bf4 elementor-section-boxed elementor-section-height-default elementor-section-height-default\" data-id=\"c139bf4\" data-element_type=\"section\" data-e-type=\"section\">\n\t\t\t\t\t\t<div class=\"elementor-container elementor-column-gap-default\">\n\t\t\t\t\t<div class=\"elementor-column elementor-col-100 elementor-top-column elementor-element elementor-element-b6f477c\" data-id=\"b6f477c\" data-element_type=\"column\" data-e-type=\"column\">\n\t\t\t<div class=\"elementor-widget-wrap elementor-element-populated\">\n\t\t\t\t\t\t<div class=\"elementor-element elementor-element-0248ab0 elementor-align-center elementor-widget elementor-widget-button\" data-id=\"0248ab0\" data-element_type=\"widget\" data-e-type=\"widget\" data-widget_type=\"button.default\">\n\t\t\t\t<div class=\"elementor-widget-container\">\n\t\t\t\t\t\t\t\t\t<div class=\"elementor-button-wrapper\">\n\t\t\t\t\t<a class=\"elementor-button elementor-button-link elementor-size-md\" href=\"https:\/\/wanderfreunde-rhein-sieg.info\/?page_id=1829\">\n\t\t\t\t\t\t<span class=\"elementor-button-content-wrapper\">\n\t\t\t\t\t\t\t\t\t<span class=\"elementor-button-text\">Wanderpl\u00e4ne Archiv<\/span>\n\t\t\t\t\t<\/span>\n\t\t\t\t\t<\/a>\n\t\t\t\t<\/div>\n\t\t\t\t\t\t\t\t<\/div>\n\t\t\t\t<\/div>\n\t\t\t\t\t<\/div>\n\t\t<\/div>\n\t\t\t\t\t<\/div>\n\t\t<\/section>\n\t\t\t\t<section class=\"elementor-section elementor-top-section elementor-element elementor-element-fad98db elementor-section-boxed elementor-section-height-default elementor-section-height-default\" data-id=\"fad98db\" data-element_type=\"section\" data-e-type=\"section\">\n\t\t\t\t\t\t<div class=\"elementor-container elementor-column-gap-default\">\n\t\t\t\t\t<div class=\"elementor-column elementor-col-100 elementor-top-column elementor-element elementor-element-fdb4941\" data-id=\"fdb4941\" data-element_type=\"column\" data-e-type=\"column\">\n\t\t\t<div class=\"elementor-widget-wrap elementor-element-populated\">\n\t\t\t\t\t\t<div class=\"elementor-element elementor-element-1f2bf87 elementor-widget-divider--view-line elementor-widget elementor-widget-divider\" data-id=\"1f2bf87\" data-element_type=\"widget\" data-e-type=\"widget\" data-widget_type=\"divider.default\">\n\t\t\t\t<div class=\"elementor-widget-container\">\n\t\t\t\t\t\t\t<div class=\"elementor-divider\">\n\t\t\t<span class=\"elementor-divider-separator\">\n\t\t\t\t\t\t<\/span>\n\t\t<\/div>\n\t\t\t\t\t\t<\/div>\n\t\t\t\t<\/div>\n\t\t\t\t\t<\/div>\n\t\t<\/div>\n\t\t\t\t\t<\/div>\n\t\t<\/section>\n\t\t\t\t<section class=\"elementor-section elementor-top-section elementor-element elementor-element-d925c23 elementor-section-boxed elementor-section-height-default elementor-section-height-default\" data-id=\"d925c23\" data-element_type=\"section\" data-e-type=\"section\">\n\t\t\t\t\t\t<div class=\"elementor-container elementor-column-gap-default\">\n\t\t\t\t\t<div class=\"elementor-column elementor-col-66 elementor-top-column elementor-element elementor-element-f035b44\" data-id=\"f035b44\" data-element_type=\"column\" data-e-type=\"column\">\n\t\t\t<div class=\"elementor-widget-wrap elementor-element-populated\">\n\t\t\t\t\t\t<div class=\"elementor-element elementor-element-a6c2597 elementor-widget__width-initial elementor-widget elementor-widget-text-editor\" data-id=\"a6c2597\" data-element_type=\"widget\" data-e-type=\"widget\" data-widget_type=\"text-editor.default\">\n\t\t\t\t<div class=\"elementor-widget-container\">\n\t\t\t\t\t\t\t\t\t<p><strong>G\u00e4ste<\/strong> sind jederzeit willkommen. Von G\u00e4sten wird ein Kostenbeitrag von 5 \u20ac je Wanderung erhoben. Dieser Beitrag dient der Beteiligung an den Kosten, die dem Verein f\u00fcr Vorbereitung und Durchf\u00fchrung von Wanderungen entstehen.\u00a0<br \/><br \/><\/p>\t\t\t\t\t\t\t\t<\/div>\n\t\t\t\t<\/div>\n\t\t\t\t\t<\/div>\n\t\t<\/div>\n\t\t\t\t<div class=\"elementor-column elementor-col-33 elementor-top-column elementor-element elementor-element-1112c67\" data-id=\"1112c67\" data-element_type=\"column\" data-e-type=\"column\">\n\t\t\t<div class=\"elementor-widget-wrap\">\n\t\t\t\t\t\t\t<\/div>\n\t\t<\/div>\n\t\t\t\t\t<\/div>\n\t\t<\/section>\n\t\t\t\t<\/div>\n\t\t","protected":false},"excerpt":{"rendered":"<p>Wanderprogramm aktuell Wanderpl\u00e4ne Archiv G\u00e4ste sind jederzeit willkommen. Von G\u00e4sten wird ein Kostenbeitrag von 5 \u20ac je Wanderung erhoben. Dieser Beitrag dient der Beteiligung an den Kosten, die dem Verein f\u00fcr Vorbereitung und Durchf\u00fchrung von Wanderungen entstehen.\u00a0<\/p>\n","protected":false},"author":1,"featured_media":0,"parent":0,"menu_order":0,"comment_status":"closed","ping_status":"closed","template":"","meta":{"footnotes":""},"class_list":["post-1944","page","type-page","status-publish","hentry"],"jetpack_sharing_enabled":true,"_links":{"self":[{"href":"https:\/\/wanderfreunde-rhein-sieg.info\/index.php?rest_route=\/wp\/v2\/pages\/1944","targetHints":{"allow":["GET"]}}],"collection":[{"href":"https:\/\/wanderfreunde-rhein-sieg.info\/index.php?rest_route=\/wp\/v2\/pages"}],"about":[{"href":"https:\/\/wanderfreunde-rhein-sieg.info\/index.php?rest_route=\/wp\/v2\/types\/page"}],"author":[{"embeddable":true,"href":"https:\/\/wanderfreunde-rhein-sieg.info\/index.php?rest_route=\/wp\/v2\/users\/1"}],"replies":[{"embeddable":true,"href":"https:\/\/wanderfreunde-rhein-sieg.info\/index.php?rest_route=%2Fwp%2Fv2%2Fcomments&post=1944"}],"version-history":[{"count":70,"href":"https:\/\/wanderfreunde-rhein-sieg.info\/index.php?rest_route=\/wp\/v2\/pages\/1944\/revisions"}],"predecessor-version":[{"id":4601,"href":"https:\/\/wanderfreunde-rhein-sieg.info\/index.php?rest_route=\/wp\/v2\/pages\/1944\/revisions\/4601"}],"wp:attachment":[{"href":"https:\/\/wanderfreunde-rhein-sieg.info\/index.php?rest_route=%2Fwp%2Fv2%2Fmedia&parent=1944"}],"curies":[{"name":"wp","href":"https:\/\/api.w.org\/{rel}","templated":true}]}}