{"id":119,"date":"2023-06-03T20:02:55","date_gmt":"2023-06-03T20:02:55","guid":{"rendered":"http:\/\/wanderfreunde-rhein-sieg.info\/?page_id=119"},"modified":"2023-06-05T17:32:56","modified_gmt":"2023-06-05T17:32:56","slug":"vereinsgeschichte","status":"publish","type":"page","link":"https:\/\/wanderfreunde-rhein-sieg.info\/?page_id=119","title":{"rendered":"Vereinsgeschichte"},"content":{"rendered":"\t\t<div data-elementor-type=\"wp-page\" data-elementor-id=\"119\" class=\"elementor elementor-119\">\n\t\t\t\t\t\t<section class=\"elementor-section elementor-top-section elementor-element elementor-element-242fc50 elementor-section-boxed elementor-section-height-default elementor-section-height-default\" data-id=\"242fc50\" data-element_type=\"section\" data-e-type=\"section\">\n\t\t\t\t\t\t<div class=\"elementor-container elementor-column-gap-default\">\n\t\t\t\t\t<div class=\"elementor-column elementor-col-100 elementor-top-column elementor-element elementor-element-b4c7bab\" data-id=\"b4c7bab\" data-element_type=\"column\" data-e-type=\"column\">\n\t\t\t<div class=\"elementor-widget-wrap elementor-element-populated\">\n\t\t\t\t\t\t<div class=\"elementor-element elementor-element-8b50ead elementor-widget elementor-widget-text-editor\" data-id=\"8b50ead\" data-element_type=\"widget\" data-e-type=\"widget\" data-widget_type=\"text-editor.default\">\n\t\t\t\t<div class=\"elementor-widget-container\">\n\t\t\t\t\t\t\t\t\t<p style=\"font-weight: 400;\"><strong>Allgemeines zur Vereinsgeschichte&nbsp;<\/strong><\/p>\n<p style=\"font-weight: 400;\">Der Verein \u201eWanderfreunde Troisdorf\u201c, wie er urspr\u00fcnglich hie\u00df, ist 1998 aus der Abteilung Troisdorf des Sauerl\u00e4ndischen Gebirgsvereins hervorgegangen.&nbsp;<\/p><p style=\"font-weight: 400;\">2004 wurde der Verein von &#8222;Wanderfreunde-Troisdorf e.V.&#8220; umbenannt in \u201eWanderfreunde-Rhein-Sieg e.V.\u201c.&nbsp;<\/p><p style=\"font-weight: 400;\">Karl Heinz Wroblewski wurde 1997 zum Vorsitzenden gew\u00e4hlt, nachdem er sich f\u00fcr die Eigenst\u00e4ndigkeit eingesetzt hatte.&nbsp;<br>Im Jahre 2003 \u00fcbernahmen Josef Harasko und 2009 Egon Lang den Vorsitz, im Jahre 2013 Marianne Treder.&nbsp;<span style=\"color: var( --e-global-color-text ); font-family: var( --e-global-typography-text-font-family ), Sans-serif; font-size: 1rem;\">Ab 2015 liegt der Vorsitz des Vereins wieder in H\u00e4nden von Egon Lang.&nbsp;<\/span><span style=\"color: var( --e-global-color-text ); font-family: var( --e-global-typography-text-font-family ), Sans-serif; font-size: 1rem;\">2023 \u00fcbernimmt Jochen Friederich&nbsp;das Amt des Vorsitzenden.&nbsp;<\/span><\/p>\n<p style=\"font-weight: 400;\"><strong>Der Verein hat heute \u00fcber 370 Mitglieder&nbsp;und etwa 16 ehrenamtlich t\u00e4tige Wanderf\u00fchrerinnen und Wanderf\u00fchrer.&nbsp;<\/strong><\/p>\n<p style=\"font-weight: 400;\">\n<\/p>\t\t\t\t\t\t\t\t<\/div>\n\t\t\t\t<\/div>\n\t\t\t\t\t<\/div>\n\t\t<\/div>\n\t\t\t\t\t<\/div>\n\t\t<\/section>\n\t\t\t\t<\/div>\n\t\t","protected":false},"excerpt":{"rendered":"<p>Allgemeines zur Vereinsgeschichte&nbsp; Der Verein \u201eWanderfreunde Troisdorf\u201c, wie er urspr\u00fcnglich hie\u00df, ist 1998 aus der Abteilung Troisdorf des Sauerl\u00e4ndischen Gebirgsvereins hervorgegangen.&nbsp; 2004 wurde der Verein von &#8222;Wanderfreunde-Troisdorf e.V.&#8220; umbenannt in \u201eWanderfreunde-Rhein-Sieg e.V.\u201c.&nbsp; Karl Heinz Wroblewski wurde 1997 zum Vorsitzenden gew\u00e4hlt, nachdem er sich f\u00fcr die Eigenst\u00e4ndigkeit eingesetzt hatte.&nbsp;Im Jahre 2003 \u00fcbernahmen Josef Harasko und 2009 &hellip; <\/p>\n<p class=\"link-more\"><a href=\"https:\/\/wanderfreunde-rhein-sieg.info\/?page_id=119\" class=\"more-link\"><span class=\"screen-reader-text\">\u201eVereinsgeschichte\u201c<\/span> weiterlesen<\/a><\/p>\n","protected":false},"author":1,"featured_media":0,"parent":0,"menu_order":0,"comment_status":"closed","ping_status":"closed","template":"","meta":{"footnotes":""},"class_list":["post-119","page","type-page","status-publish","hentry"],"jetpack_sharing_enabled":true,"_links":{"self":[{"href":"https:\/\/wanderfreunde-rhein-sieg.info\/index.php?rest_route=\/wp\/v2\/pages\/119","targetHints":{"allow":["GET"]}}],"collection":[{"href":"https:\/\/wanderfreunde-rhein-sieg.info\/index.php?rest_route=\/wp\/v2\/pages"}],"about":[{"href":"https:\/\/wanderfreunde-rhein-sieg.info\/index.php?rest_route=\/wp\/v2\/types\/page"}],"author":[{"embeddable":true,"href":"https:\/\/wanderfreunde-rhein-sieg.info\/index.php?rest_route=\/wp\/v2\/users\/1"}],"replies":[{"embeddable":true,"href":"https:\/\/wanderfreunde-rhein-sieg.info\/index.php?rest_route=%2Fwp%2Fv2%2Fcomments&post=119"}],"version-history":[{"count":7,"href":"https:\/\/wanderfreunde-rhein-sieg.info\/index.php?rest_route=\/wp\/v2\/pages\/119\/revisions"}],"predecessor-version":[{"id":236,"href":"https:\/\/wanderfreunde-rhein-sieg.info\/index.php?rest_route=\/wp\/v2\/pages\/119\/revisions\/236"}],"wp:attachment":[{"href":"https:\/\/wanderfreunde-rhein-sieg.info\/index.php?rest_route=%2Fwp%2Fv2%2Fmedia&parent=119"}],"curies":[{"name":"wp","href":"https:\/\/api.w.org\/{rel}","templated":true}]}}