{"id":117,"date":"2023-06-03T20:02:55","date_gmt":"2023-06-03T20:02:55","guid":{"rendered":"http:\/\/wanderfreunde-rhein-sieg.info\/?page_id=117"},"modified":"2025-03-17T10:09:13","modified_gmt":"2025-03-17T10:09:13","slug":"vorstand","status":"publish","type":"page","link":"https:\/\/wanderfreunde-rhein-sieg.info\/?page_id=117","title":{"rendered":"Vorstand"},"content":{"rendered":"\t\t<div data-elementor-type=\"wp-page\" data-elementor-id=\"117\" class=\"elementor elementor-117\">\n\t\t\t\t\t\t<section class=\"elementor-section elementor-top-section elementor-element elementor-element-e4b3b89 elementor-section-boxed elementor-section-height-default elementor-section-height-default\" data-id=\"e4b3b89\" data-element_type=\"section\" data-e-type=\"section\">\n\t\t\t\t\t\t<div class=\"elementor-container elementor-column-gap-default\">\n\t\t\t\t\t<div class=\"elementor-column elementor-col-100 elementor-top-column elementor-element elementor-element-318d4ae\" data-id=\"318d4ae\" data-element_type=\"column\" data-e-type=\"column\">\n\t\t\t<div class=\"elementor-widget-wrap elementor-element-populated\">\n\t\t\t\t\t\t<div class=\"elementor-element elementor-element-6adeebd elementor-widget elementor-widget-text-editor\" data-id=\"6adeebd\" data-element_type=\"widget\" data-e-type=\"widget\" data-widget_type=\"text-editor.default\">\n\t\t\t\t<div class=\"elementor-widget-container\">\n\t\t\t\t\t\t\t\t\t<p style=\"font-weight: 400;\">Am 14. M\u00e4rz 2025 wurde auf der Mitgliederversammlung ein neuer Vorstand gew\u00e4hlt.<\/p><p style=\"font-weight: 400;\">Der Vorstand der Wanderfreunde-Rhein-Sieg besteht aus:<strong><br \/><\/strong><\/p><ul style=\"font-weight: 400;\"><li><strong>Vorsitz:\u00a0<\/strong>Jochen Friederich<\/li><li><strong>Schriftf\u00fchrung:\u00a0<\/strong>Magdalena Feneberg<\/li><li><strong>Finanzen und Mitgliederverwaltung: <\/strong>Dorothee Willhoff<\/li><li><strong>Wanderplanung:\u00a0<\/strong>Harald Saat<\/li><li><strong>\u00d6ffentlichkeitsarbeit:\u00a0<\/strong>J\u00fcrgen Arndt<\/li><li><strong>Internetpr\u00e4senz und Webdesign: <\/strong>Hildegard Meffert<\/li><li><strong>Organisation:\u00a0<\/strong>Margarete Muhr, Isabelle Friederich (Beisitzerin)\u00a0<\/li><\/ul>\t\t\t\t\t\t\t\t<\/div>\n\t\t\t\t<\/div>\n\t\t\t\t\t<\/div>\n\t\t<\/div>\n\t\t\t\t\t<\/div>\n\t\t<\/section>\n\t\t\t\t<section class=\"elementor-section elementor-top-section elementor-element elementor-element-32d1ac8 elementor-section-boxed elementor-section-height-default elementor-section-height-default\" data-id=\"32d1ac8\" data-element_type=\"section\" data-e-type=\"section\">\n\t\t\t\t\t\t<div class=\"elementor-container elementor-column-gap-default\">\n\t\t\t\t\t<div class=\"elementor-column elementor-col-100 elementor-top-column elementor-element elementor-element-8170b5b\" data-id=\"8170b5b\" data-element_type=\"column\" data-e-type=\"column\">\n\t\t\t<div class=\"elementor-widget-wrap elementor-element-populated\">\n\t\t\t\t\t\t<div class=\"elementor-element elementor-element-2e888f9 elementor-widget elementor-widget-image\" data-id=\"2e888f9\" data-element_type=\"widget\" data-e-type=\"widget\" data-widget_type=\"image.default\">\n\t\t\t\t<div class=\"elementor-widget-container\">\n\t\t\t\t\t\t\t\t\t\t\t\t<figure class=\"wp-caption\">\n\t\t\t\t\t\t\t\t\t\t<img fetchpriority=\"high\" decoding=\"async\" width=\"525\" height=\"394\" src=\"https:\/\/wanderfreunde-rhein-sieg.info\/wp-content\/uploads\/2025\/03\/Foto.jpg\" class=\"attachment-large size-large wp-image-4215\" alt=\"\" srcset=\"https:\/\/wanderfreunde-rhein-sieg.info\/wp-content\/uploads\/2025\/03\/Foto.jpg 909w, https:\/\/wanderfreunde-rhein-sieg.info\/wp-content\/uploads\/2025\/03\/Foto-300x225.jpg 300w, https:\/\/wanderfreunde-rhein-sieg.info\/wp-content\/uploads\/2025\/03\/Foto-768x576.jpg 768w\" sizes=\"100vw\" \/>\t\t\t\t\t\t\t\t\t\t\t<figcaption class=\"widget-image-caption wp-caption-text\">Von links nach rechts:Magdalena Feneberg, Dorothee Willhoff, Harald Saat, Jochen Friedrich, Hildegard Meffert, Isabelle Friedrich, Margarete Muhr, J\u00fcrgen Arndt. Verst\u00e4rkt wird unser Team  durch Isabelle Friederich als Beisitzerin im Bereich Organisation<\/figcaption>\n\t\t\t\t\t\t\t\t\t\t<\/figure>\n\t\t\t\t\t\t\t\t\t<\/div>\n\t\t\t\t<\/div>\n\t\t\t\t\t<\/div>\n\t\t<\/div>\n\t\t\t\t\t<\/div>\n\t\t<\/section>\n\t\t\t\t<section class=\"elementor-section elementor-top-section elementor-element elementor-element-d26e0bd elementor-section-boxed elementor-section-height-default elementor-section-height-default\" data-id=\"d26e0bd\" data-element_type=\"section\" data-e-type=\"section\">\n\t\t\t\t\t\t<div class=\"elementor-container elementor-column-gap-default\">\n\t\t\t\t\t<div class=\"elementor-column elementor-col-100 elementor-top-column elementor-element elementor-element-26bbc58\" data-id=\"26bbc58\" data-element_type=\"column\" data-e-type=\"column\">\n\t\t\t<div class=\"elementor-widget-wrap elementor-element-populated\">\n\t\t\t\t\t\t<div class=\"elementor-element elementor-element-35d91ef elementor-widget elementor-widget-heading\" data-id=\"35d91ef\" data-element_type=\"widget\" data-e-type=\"widget\" data-widget_type=\"heading.default\">\n\t\t\t\t<div class=\"elementor-widget-container\">\n\t\t\t\t\t<h2 class=\"elementor-heading-title elementor-size-default\">Neuer Vorstand gew\u00e4hlt<\/h2>\t\t\t\t<\/div>\n\t\t\t\t<\/div>\n\t\t\t\t\t<\/div>\n\t\t<\/div>\n\t\t\t\t\t<\/div>\n\t\t<\/section>\n\t\t\t\t<section class=\"elementor-section elementor-top-section elementor-element elementor-element-5e97daa elementor-section-boxed elementor-section-height-default elementor-section-height-default\" data-id=\"5e97daa\" data-element_type=\"section\" data-e-type=\"section\">\n\t\t\t\t\t\t<div class=\"elementor-container elementor-column-gap-default\">\n\t\t\t\t\t<div class=\"elementor-column elementor-col-100 elementor-top-column elementor-element elementor-element-40aab59\" data-id=\"40aab59\" data-element_type=\"column\" data-e-type=\"column\">\n\t\t\t<div class=\"elementor-widget-wrap elementor-element-populated\">\n\t\t\t\t\t\t\t<\/div>\n\t\t<\/div>\n\t\t\t\t\t<\/div>\n\t\t<\/section>\n\t\t\t\t<section class=\"elementor-section elementor-top-section elementor-element elementor-element-78e0a4f elementor-section-boxed elementor-section-height-default elementor-section-height-default\" data-id=\"78e0a4f\" data-element_type=\"section\" data-e-type=\"section\">\n\t\t\t\t\t\t<div class=\"elementor-container elementor-column-gap-default\">\n\t\t\t\t\t<div class=\"elementor-column elementor-col-100 elementor-top-column elementor-element elementor-element-baa701b\" data-id=\"baa701b\" data-element_type=\"column\" data-e-type=\"column\">\n\t\t\t<div class=\"elementor-widget-wrap elementor-element-populated\">\n\t\t\t\t\t\t<div class=\"elementor-element elementor-element-d2551d5 elementor-widget elementor-widget-text-editor\" data-id=\"d2551d5\" data-element_type=\"widget\" data-e-type=\"widget\" data-widget_type=\"text-editor.default\">\n\t\t\t\t<div class=\"elementor-widget-container\">\n\t\t\t\t\t\t\t\t\t<p>In der Mitgliederversammlung am 14.3.25 haben die Wanderfreunde einen neuen Vorstand gew\u00e4hlt.<br \/>Dabei wurde im Wesentlichen der alte Vorstand jeweils ohne Gegenstimmen wiedergew\u00e4hlt. Neben dem Vorsitzenden Jochen Friederich geh\u00f6ren dem Vorstand in den n\u00e4chsten zwei Jahren an Magdalena Feneberg (Schriftf\u00fchrerin), Dorothee Willhoff (Kassenwartin und Mitgliederverwaltung), Harald Saat (Wanderwart), J\u00fcrgen Arndt (\u00d6ffentlichkeitsbeauftragter), Margarete Muhr (Organisation von Veranstaltungen).<br \/>Auf eigenen Wunsch ausgeschieden ist J\u00fcrgen Muhr als Verantwortlicher f\u00fcr Internetpr\u00e4senz und Webdesign. Der Vorstand bedankt sich ganz herzlich bei J\u00fcrgen Muhr f\u00fcr die engagierte Arbeit in den letzten beiden Jahren, u.a. bei der Ausgestaltung unserer neuen Homepage und f\u00fcr die regelm\u00e4\u00dfigen und zeitnahen Newsletter. F\u00fcr das Amt und als Nachfolgerin wurde Hildegard Meffert vorgeschlagen, die einstimmig gew\u00e4hlt wurde.<br \/>Den Vorstand vervollst\u00e4ndigt auch weiterhin Isabelle Friederich als Beisitzerin f\u00fcr die Organisation von Veranstaltungen.<\/p>\t\t\t\t\t\t\t\t<\/div>\n\t\t\t\t<\/div>\n\t\t\t\t\t<\/div>\n\t\t<\/div>\n\t\t\t\t\t<\/div>\n\t\t<\/section>\n\t\t\t\t<\/div>\n\t\t","protected":false},"excerpt":{"rendered":"<p>Am 14. M\u00e4rz 2025 wurde auf der Mitgliederversammlung ein neuer Vorstand gew\u00e4hlt. Der Vorstand der Wanderfreunde-Rhein-Sieg besteht aus: Vorsitz:\u00a0Jochen Friederich Schriftf\u00fchrung:\u00a0Magdalena Feneberg Finanzen und Mitgliederverwaltung: Dorothee Willhoff Wanderplanung:\u00a0Harald Saat \u00d6ffentlichkeitsarbeit:\u00a0J\u00fcrgen Arndt Internetpr\u00e4senz und Webdesign: Hildegard Meffert Organisation:\u00a0Margarete Muhr, Isabelle Friederich (Beisitzerin)\u00a0 Von links nach rechts:Magdalena Feneberg, Dorothee Willhoff, Harald Saat, Jochen Friedrich, Hildegard Meffert, Isabelle &hellip; <\/p>\n<p class=\"link-more\"><a href=\"https:\/\/wanderfreunde-rhein-sieg.info\/?page_id=117\" class=\"more-link\"><span class=\"screen-reader-text\">\u201eVorstand\u201c<\/span> weiterlesen<\/a><\/p>\n","protected":false},"author":1,"featured_media":0,"parent":0,"menu_order":0,"comment_status":"closed","ping_status":"closed","template":"","meta":{"footnotes":""},"class_list":["post-117","page","type-page","status-publish","hentry"],"jetpack_sharing_enabled":true,"_links":{"self":[{"href":"https:\/\/wanderfreunde-rhein-sieg.info\/index.php?rest_route=\/wp\/v2\/pages\/117","targetHints":{"allow":["GET"]}}],"collection":[{"href":"https:\/\/wanderfreunde-rhein-sieg.info\/index.php?rest_route=\/wp\/v2\/pages"}],"about":[{"href":"https:\/\/wanderfreunde-rhein-sieg.info\/index.php?rest_route=\/wp\/v2\/types\/page"}],"author":[{"embeddable":true,"href":"https:\/\/wanderfreunde-rhein-sieg.info\/index.php?rest_route=\/wp\/v2\/users\/1"}],"replies":[{"embeddable":true,"href":"https:\/\/wanderfreunde-rhein-sieg.info\/index.php?rest_route=%2Fwp%2Fv2%2Fcomments&post=117"}],"version-history":[{"count":16,"href":"https:\/\/wanderfreunde-rhein-sieg.info\/index.php?rest_route=\/wp\/v2\/pages\/117\/revisions"}],"predecessor-version":[{"id":4219,"href":"https:\/\/wanderfreunde-rhein-sieg.info\/index.php?rest_route=\/wp\/v2\/pages\/117\/revisions\/4219"}],"wp:attachment":[{"href":"https:\/\/wanderfreunde-rhein-sieg.info\/index.php?rest_route=%2Fwp%2Fv2%2Fmedia&parent=117"}],"curies":[{"name":"wp","href":"https:\/\/api.w.org\/{rel}","templated":true}]}}