{"id":106,"date":"2023-06-03T19:56:33","date_gmt":"2023-06-03T19:56:33","guid":{"rendered":"http:\/\/wanderfreunde-rhein-sieg.info\/?page_id=106"},"modified":"2024-03-19T12:15:36","modified_gmt":"2024-03-19T12:15:36","slug":"datenschutzerklaerung","status":"publish","type":"page","link":"https:\/\/wanderfreunde-rhein-sieg.info\/?page_id=106","title":{"rendered":"Datenschutzerkl\u00e4rung"},"content":{"rendered":"\t\t<div data-elementor-type=\"wp-page\" data-elementor-id=\"106\" class=\"elementor elementor-106\">\n\t\t\t\t\t\t<section class=\"elementor-section elementor-top-section elementor-element elementor-element-0fc2ac8 elementor-section-boxed elementor-section-height-default elementor-section-height-default\" data-id=\"0fc2ac8\" data-element_type=\"section\" data-e-type=\"section\">\n\t\t\t\t\t\t<div class=\"elementor-container elementor-column-gap-default\">\n\t\t\t\t\t<div class=\"elementor-column elementor-col-100 elementor-top-column elementor-element elementor-element-b23b180\" data-id=\"b23b180\" data-element_type=\"column\" data-e-type=\"column\">\n\t\t\t<div class=\"elementor-widget-wrap elementor-element-populated\">\n\t\t\t\t\t\t<div class=\"elementor-element elementor-element-80354a0 elementor-widget elementor-widget-text-editor\" data-id=\"80354a0\" data-element_type=\"widget\" data-e-type=\"widget\" data-widget_type=\"text-editor.default\">\n\t\t\t\t<div class=\"elementor-widget-container\">\n\t\t\t\t\t\t\t\t\t<p>Hier kannst du die aktuelle <strong>Datenschutzerkl\u00e4rung<\/strong> herunterladen<\/p>\t\t\t\t\t\t\t\t<\/div>\n\t\t\t\t<\/div>\n\t\t\t\t\t<\/div>\n\t\t<\/div>\n\t\t\t\t\t<\/div>\n\t\t<\/section>\n\t\t\t\t<section class=\"elementor-section elementor-top-section elementor-element elementor-element-425622a elementor-section-boxed elementor-section-height-default elementor-section-height-default\" data-id=\"425622a\" data-element_type=\"section\" data-e-type=\"section\">\n\t\t\t\t\t\t<div class=\"elementor-container elementor-column-gap-default\">\n\t\t\t\t\t<div class=\"elementor-column elementor-col-100 elementor-top-column elementor-element elementor-element-1e53474\" data-id=\"1e53474\" data-element_type=\"column\" data-e-type=\"column\">\n\t\t\t<div class=\"elementor-widget-wrap elementor-element-populated\">\n\t\t\t\t\t\t<div class=\"elementor-element elementor-element-0f727b9 elementor-widget elementor-widget-button\" data-id=\"0f727b9\" data-element_type=\"widget\" data-e-type=\"widget\" data-widget_type=\"button.default\">\n\t\t\t\t<div class=\"elementor-widget-container\">\n\t\t\t\t\t\t\t\t\t<div class=\"elementor-button-wrapper\">\n\t\t\t\t\t<a class=\"elementor-button elementor-button-link elementor-size-sm\" href=\"https:\/\/wanderfreunde-rhein-sieg.info\/wp-content\/uploads\/2024\/03\/Wf-Datenschutzerklaerung-240315.pdf\">\n\t\t\t\t\t\t<span class=\"elementor-button-content-wrapper\">\n\t\t\t\t\t\t\t\t\t<span class=\"elementor-button-text\">Erkl\u00e4rung zum Datenschutz<\/span>\n\t\t\t\t\t<\/span>\n\t\t\t\t\t<\/a>\n\t\t\t\t<\/div>\n\t\t\t\t\t\t\t\t<\/div>\n\t\t\t\t<\/div>\n\t\t\t\t\t<\/div>\n\t\t<\/div>\n\t\t\t\t\t<\/div>\n\t\t<\/section>\n\t\t\t\t<section class=\"elementor-section elementor-top-section elementor-element elementor-element-215f68a elementor-section-boxed elementor-section-height-default elementor-section-height-default\" data-id=\"215f68a\" data-element_type=\"section\" data-e-type=\"section\">\n\t\t\t\t\t\t<div class=\"elementor-container elementor-column-gap-default\">\n\t\t\t\t\t<div class=\"elementor-column elementor-col-100 elementor-top-column elementor-element elementor-element-ae8c931\" data-id=\"ae8c931\" data-element_type=\"column\" data-e-type=\"column\">\n\t\t\t<div class=\"elementor-widget-wrap elementor-element-populated\">\n\t\t\t\t\t\t<div class=\"elementor-element elementor-element-3cd4815 elementor-widget elementor-widget-spacer\" data-id=\"3cd4815\" data-element_type=\"widget\" data-e-type=\"widget\" data-widget_type=\"spacer.default\">\n\t\t\t\t<div class=\"elementor-widget-container\">\n\t\t\t\t\t\t\t<div class=\"elementor-spacer\">\n\t\t\t<div class=\"elementor-spacer-inner\"><\/div>\n\t\t<\/div>\n\t\t\t\t\t\t<\/div>\n\t\t\t\t<\/div>\n\t\t\t\t<div class=\"elementor-element elementor-element-6ac2254 elementor-widget elementor-widget-heading\" data-id=\"6ac2254\" data-element_type=\"widget\" data-e-type=\"widget\" data-widget_type=\"heading.default\">\n\t\t\t\t<div class=\"elementor-widget-container\">\n\t\t\t\t\t<h2 class=\"elementor-heading-title elementor-size-default\">Newsletter<\/h2>\t\t\t\t<\/div>\n\t\t\t\t<\/div>\n\t\t\t\t<div class=\"elementor-element elementor-element-c7c4ffb elementor-widget elementor-widget-text-editor\" data-id=\"c7c4ffb\" data-element_type=\"widget\" data-e-type=\"widget\" data-widget_type=\"text-editor.default\">\n\t\t\t\t<div class=\"elementor-widget-container\">\n\t\t\t\t\t\t\t\t\t<p>\u00a0E-Mail-Adressen, die dem Verein zum Zwecke des Newsletterversands angegeben wurden, werden zentral gespeichert und ausschlie\u00dflich f\u00fcr den angegebenen Zweck verwendet. Sie werden vertraulich behandelt und nicht an Unbefugte weitergegeben oder f\u00fcr Werbe- und Marketingzwecke verwendet. Bei Abmeldung vom Newsletterversand wird die betreffende E-Mail-Adresse sofort gel\u00f6scht.<\/p>\t\t\t\t\t\t\t\t<\/div>\n\t\t\t\t<\/div>\n\t\t\t\t\t<\/div>\n\t\t<\/div>\n\t\t\t\t\t<\/div>\n\t\t<\/section>\n\t\t\t\t<section class=\"elementor-section elementor-top-section elementor-element elementor-element-92e5f95 elementor-section-boxed elementor-section-height-default elementor-section-height-default\" data-id=\"92e5f95\" data-element_type=\"section\" data-e-type=\"section\">\n\t\t\t\t\t\t<div class=\"elementor-container elementor-column-gap-default\">\n\t\t\t\t\t<div class=\"elementor-column elementor-col-100 elementor-top-column elementor-element elementor-element-4f9bd91\" data-id=\"4f9bd91\" data-element_type=\"column\" data-e-type=\"column\">\n\t\t\t<div class=\"elementor-widget-wrap\">\n\t\t\t\t\t\t\t<\/div>\n\t\t<\/div>\n\t\t\t\t\t<\/div>\n\t\t<\/section>\n\t\t\t\t<\/div>\n\t\t","protected":false},"excerpt":{"rendered":"<p>Hier kannst du die aktuelle Datenschutzerkl\u00e4rung herunterladen Erkl\u00e4rung zum Datenschutz Newsletter \u00a0E-Mail-Adressen, die dem Verein zum Zwecke des Newsletterversands angegeben wurden, werden zentral gespeichert und ausschlie\u00dflich f\u00fcr den angegebenen Zweck verwendet. Sie werden vertraulich behandelt und nicht an Unbefugte weitergegeben oder f\u00fcr Werbe- und Marketingzwecke verwendet. Bei Abmeldung vom Newsletterversand wird die betreffende E-Mail-Adresse sofort &hellip; <\/p>\n<p class=\"link-more\"><a href=\"https:\/\/wanderfreunde-rhein-sieg.info\/?page_id=106\" class=\"more-link\"><span class=\"screen-reader-text\">\u201eDatenschutzerkl\u00e4rung\u201c<\/span> weiterlesen<\/a><\/p>\n","protected":false},"author":1,"featured_media":0,"parent":0,"menu_order":0,"comment_status":"closed","ping_status":"closed","template":"","meta":{"footnotes":""},"class_list":["post-106","page","type-page","status-publish","hentry"],"jetpack_sharing_enabled":true,"_links":{"self":[{"href":"https:\/\/wanderfreunde-rhein-sieg.info\/index.php?rest_route=\/wp\/v2\/pages\/106","targetHints":{"allow":["GET"]}}],"collection":[{"href":"https:\/\/wanderfreunde-rhein-sieg.info\/index.php?rest_route=\/wp\/v2\/pages"}],"about":[{"href":"https:\/\/wanderfreunde-rhein-sieg.info\/index.php?rest_route=\/wp\/v2\/types\/page"}],"author":[{"embeddable":true,"href":"https:\/\/wanderfreunde-rhein-sieg.info\/index.php?rest_route=\/wp\/v2\/users\/1"}],"replies":[{"embeddable":true,"href":"https:\/\/wanderfreunde-rhein-sieg.info\/index.php?rest_route=%2Fwp%2Fv2%2Fcomments&post=106"}],"version-history":[{"count":25,"href":"https:\/\/wanderfreunde-rhein-sieg.info\/index.php?rest_route=\/wp\/v2\/pages\/106\/revisions"}],"predecessor-version":[{"id":2553,"href":"https:\/\/wanderfreunde-rhein-sieg.info\/index.php?rest_route=\/wp\/v2\/pages\/106\/revisions\/2553"}],"wp:attachment":[{"href":"https:\/\/wanderfreunde-rhein-sieg.info\/index.php?rest_route=%2Fwp%2Fv2%2Fmedia&parent=106"}],"curies":[{"name":"wp","href":"https:\/\/api.w.org\/{rel}","templated":true}]}}